{"id":16,"date":"2021-06-08T12:50:33","date_gmt":"2021-06-08T12:50:33","guid":{"rendered":"http:\/\/dentos2022.fdmz.hr\/?page_id=16"},"modified":"2021-12-07T09:38:40","modified_gmt":"2021-12-07T09:38:40","slug":"o-kongresu","status":"publish","type":"page","link":"http:\/\/dentos2022.fdmz.hr\/index.php\/o-kongresu\/","title":{"rendered":"O Kongresu"},"content":{"rendered":"\n<p>Drage kolegice i kolege,<\/p>\n\n\n\n<p>Iznimna mi je \u010dast i zadovoljstvo pozvati vas na prvi Regionalni proljetni kongres studenata dentalne medicine (<strong>DentOs 2022<\/strong>) koji \u0107e se odr\u017eati u Osijeku pod sloganom <strong>veni, vidi, didici<\/strong> u periodu od 28.04. do 01.05.2022. godine.<\/p>\n\n\n\n<p>U vremenu pandemije i socijalne distance&nbsp; te vremenu u kojem nam je uskra\u0107ena mogu\u0107nost stjecanja novih poznanstava, znanja i vje\u0161tina, cilj nam je okupiti sve studente i budu\u0107e doktore dentalne medicine \u017eeljne znanja i dobrog dru\u017eenja. Tako\u0111er, cilj nam je sklopiti suradnju s ostalim fakultetima na podru\u010dju regije te \u0161iriti nova saznanja na podru\u010dju stomatologije. Organizacija kongresa bit \u0107e u skladu s epidemiolo\u0161kim mjerama propisanim od strane Nacionalnog sto\u017eera.<\/p>\n\n\n\n<p>DentOs kao takav, veliki je projekt kojeg organiziraju studenti Fakulteta za dentalnu medicinu i zdravstvo u Osijeku u suradnji s profesorima, doktorima i asistentima. Plan i program kongresa je zami\u0161ljen i baziran na \u0161to ve\u0107em broju pretklini\u010dkih radionica na kojima \u0107e studenti mo\u0107i sudjelovati, ali i na zanimljivim i inovativnim predavanjima koja \u0107e odr\u017eati predava\u010di iz regije. Tako\u0111er, studenti \u0107e biti u mogu\u0107nosti pratiti zahvate koji \u0107e se u realnom vremenu prenositi na video-platnu u kongresnoj dvorani, a \u201enajbr\u017ee klikove\u201c \u010dekaju posebna iznena\u0111enja. U program ulaze i studentska predavanje te poster prezentacije, a mjesta smo ostavili i za studentske kvizove, zabave i izlet.<\/p>\n\n\n\n<p>Kongres \u0107e biti otvorenog tipa (bez kotizacija), \u0161to zna\u010di da je ulaz slobodan za sve studente koji se prijave. Organizacijski odbor \u0107e u suradnji sa lokalnom turisti\u010dkom agencijom ponuditi nekoliko vrsta smje\u0161taja koje \u0107e sudionici mo\u0107i odabrati te rezervirati ili neovisno o nama rezervirati u vlastitom aran\u017emanu.<\/p>\n\n\n\n<p>Jo\u0161 jednom koristim priliku i pozivam vas na DentOs 2022, prvi Regionalni proljetni kongres studenata dentalne medicine u Osijeku te se nadam da \u0107ete va\u0161im prisustvom obogatiti ovaj doga\u0111aj i dati nam \u201evjetar u le\u0111a\u201c, a mi da \u0107emo opravdati va\u0161a o\u010dekivanja!<\/p>\n\n\n\n<p>Srda\u010dan pozdrav do skora\u0161njeg vi\u0111enja,<\/p>\n\n\n\n<p>Marko Babi\u0107<\/p>\n\n\n\n<p>Predsjednik OO DentOs 2022<\/p>\n","protected":false},"excerpt":{"rendered":"<p>Drage kolegice i kolege, Iznimna mi je \u010dast i zadovoljstvo pozvati vas na prvi Regionalni proljetni kongres studenata dentalne medicine (DentOs 2022) koji \u0107e se odr\u017eati u Osijeku pod sloganom veni, vidi, didici u periodu od 28.04. do 01.05.2022. godine. U vremenu pandemije i socijalne distance&nbsp; te vremenu u kojem nam je uskra\u0107ena mogu\u0107nost stjecanja &hellip; <\/p>\n<p class=\"link-more\"><a href=\"http:\/\/dentos2022.fdmz.hr\/index.php\/o-kongresu\/\" class=\"more-link\">Continue reading<span class=\"screen-reader-text\"> &#8220;O Kongresu&#8221;<\/span><\/a><\/p>\n","protected":false},"author":1,"featured_media":0,"parent":0,"menu_order":0,"comment_status":"closed","ping_status":"closed","template":"","meta":{"ngg_post_thumbnail":0,"footnotes":""},"_links":{"self":[{"href":"http:\/\/dentos2022.fdmz.hr\/index.php\/wp-json\/wp\/v2\/pages\/16"}],"collection":[{"href":"http:\/\/dentos2022.fdmz.hr\/index.php\/wp-json\/wp\/v2\/pages"}],"about":[{"href":"http:\/\/dentos2022.fdmz.hr\/index.php\/wp-json\/wp\/v2\/types\/page"}],"author":[{"embeddable":true,"href":"http:\/\/dentos2022.fdmz.hr\/index.php\/wp-json\/wp\/v2\/users\/1"}],"replies":[{"embeddable":true,"href":"http:\/\/dentos2022.fdmz.hr\/index.php\/wp-json\/wp\/v2\/comments?post=16"}],"version-history":[{"count":5,"href":"http:\/\/dentos2022.fdmz.hr\/index.php\/wp-json\/wp\/v2\/pages\/16\/revisions"}],"predecessor-version":[{"id":57,"href":"http:\/\/dentos2022.fdmz.hr\/index.php\/wp-json\/wp\/v2\/pages\/16\/revisions\/57"}],"wp:attachment":[{"href":"http:\/\/dentos2022.fdmz.hr\/index.php\/wp-json\/wp\/v2\/media?parent=16"}],"curies":[{"name":"wp","href":"https:\/\/api.w.org\/{rel}","templated":true}]}}